{"id":11,"date":"2013-07-09T07:59:51","date_gmt":"2013-07-09T06:59:51","guid":{"rendered":"http:\/\/societe-etudes-draguignan.com\/web\/?page_id=11"},"modified":"2020-08-11T10:59:39","modified_gmt":"2020-08-11T09:59:39","slug":"projet-du-musee-de-la-justice","status":"publish","type":"page","link":"https:\/\/societe-etudes-draguignan.com\/?page_id=11","title":{"rendered":"Maison du Bourreau"},"content":{"rendered":"<div><span class=\"Apple-style-span\">Le Mus\u00e9e de la Justice est appel\u00e9&nbsp;<\/span><span class=\"Apple-style-span\">d\u00e9sormais<\/span><span class=\"Apple-style-span\">&nbsp;\u00ab\u00a0Maison du Bourreau\u00a0\u00bb<\/span><\/div>\n<div><span class=\"Apple-style-span\">Pour toute information contacter :&nbsp;<\/span><\/div>\n<div><span class=\"Apple-style-span\">&nbsp;<\/span><\/div>\n<div><span class=\"Apple-style-span\">&nbsp;<\/span><\/div>\n<div><span class=\"Apple-style-span\"> T\u00e9l\u00e9phone : 04 94 84 54 31 de 10h \u00e0 18h<br \/>\n<\/span><\/div>\n<div><span class=\"Apple-style-span\"> Courriel :&nbsp; chapelle.observance@ville-draguignan.fr<br \/>\n<\/span><\/div>\n<div><span class=\"Apple-style-span\"> Site : <a href=\"http:\/\/www.societe-etudes-draguignan.com\" target=\"_blank\" rel=\"noopener noreferrer\">www.societe-etudes-draguignan.com<\/a>&nbsp;<\/span><\/div>\n<div><span class=\"Apple-style-span\">&nbsp;<\/span><\/div>\n<div><span class=\"Apple-style-span\">&#8211; Maison du Bourreau, 2 mont\u00e9e de l&rsquo;Horloge<br \/>\n<\/span><\/div>\n<div><span class=\"Apple-style-span\">&nbsp; Chapelle de l&rsquo;Observance, 04 94 84 54 31 de 10h \u00e018h<br \/>\n<\/span><\/div>\n<div><span class=\"Apple-style-span\">&nbsp; Du mardi au vendredi 10h \u00e0 12h30 et de 13h30 \u00e0 18h&nbsp; (de juin \u00e0 ao\u00fbt)<br \/>\n<\/span><\/div>\n<div>&nbsp; Les autres mois le 1\u00b0 samedi de chaque mois<\/div>\n<div>&nbsp; Visite des scolaires possible se renseigner<\/div>\n<div><\/div>\n<p><span style=\"color: #ff0000;\">Historique<br \/>\n<\/span><\/p>\n<p>Le projet de Mus\u00e9e de la Justice port\u00e9 par la Soci\u00e9t\u00e9 d&rsquo;\u00c9tudes Scientifiques et Arch\u00e9ologiques prendra place dans la Maison du Bourreau, haut lieu de m\u00e9moire, dans le but de r\u00e9v\u00e9ler les liens \u00e9troits et anciens qui existent entre l&rsquo;institution judiciaire et la cit\u00e9 Dra\u00e7\u00e9noise tout en participant \u00e0 l&rsquo;enrichissement du patrimoine culturel de la ville.<\/p>\n<p>Unique en France, le Mus\u00e9e de la Justice a pour but de faire d\u00e9couvrir et donner \u00e0 voir une image historique et scientifique de la Justice et de faire comprendre les rapports entre la Justice et la soci\u00e9t\u00e9 contemporaine \u00e0 la lumi\u00e8re de celle du pass\u00e9.<\/p>\n<p>Le Mus\u00e9e entend<\/p>\n<p>&#8211; montrer ce que f\u00fbt et ce qu&rsquo;est l&rsquo;organisation judiciaire et les hommes qui l&rsquo;ont marqu\u00e9e<\/p>\n<p>&#8211; montrer l&rsquo;action de la Justice, civile, prud&rsquo;homale et p\u00e9nale<\/p>\n<p>&#8211; recueillir et exposer les instruments de Justice et de ses auxiliaires, ses moyens d&rsquo;investigation, de jugement et d&rsquo;application des peines.<br \/>\nLes moyens mis en \u0153uvre participant \u00e0 une offre culturelle dynamique et mettant en valeur le territoire et le patrimoine Dra\u00e7\u00e9nois seront:<br \/>\n&#8211; La Cr\u00e9ation d&rsquo;un fonds d&rsquo;exposition permanent<br \/>\n&#8211; La Mise en place d&rsquo;expositions th\u00e9matiques temporaire<br \/>\n&#8211; La Mise \u00e0 disposition des ressources consultables<\/p>\n<p>Par la suite, un &lsquo;parcours d\u00e9couverte&rsquo; ouvert \u00e0 tous les publics toute l&rsquo;ann\u00e9e sera \u00e9labor\u00e9 afin d&rsquo;inviter les groupes scolaires, touristiques et autres&#8230;\u00e0 d\u00e9couvrir les lieux successifs de la Justice de la ville.<\/p>\n","protected":false},"excerpt":{"rendered":"<p>Le Mus\u00e9e de la Justice est appel\u00e9&nbsp;d\u00e9sormais&nbsp;\u00ab\u00a0Maison du Bourreau\u00a0\u00bb Pour toute information contacter :&nbsp; &nbsp; &nbsp; T\u00e9l\u00e9phone : 04 94 84 54 31 de 10h \u00e0 18h Courriel :&nbsp; chapelle.observance@ville-draguignan.fr Site : www.societe-etudes-draguignan.com&nbsp; &nbsp; &#8211; Maison du Bourreau, 2 mont\u00e9e &hellip; <a href=\"https:\/\/societe-etudes-draguignan.com\/?page_id=11\">Continuer la lecture <span class=\"meta-nav\">&rarr;<\/span><\/a><\/p>\n","protected":false},"author":1,"featured_media":0,"parent":0,"menu_order":6,"comment_status":"closed","ping_status":"closed","template":"","meta":{"footnotes":""},"class_list":["post-11","page","type-page","status-publish","hentry"],"_links":{"self":[{"href":"https:\/\/societe-etudes-draguignan.com\/index.php?rest_route=\/wp\/v2\/pages\/11","targetHints":{"allow":["GET"]}}],"collection":[{"href":"https:\/\/societe-etudes-draguignan.com\/index.php?rest_route=\/wp\/v2\/pages"}],"about":[{"href":"https:\/\/societe-etudes-draguignan.com\/index.php?rest_route=\/wp\/v2\/types\/page"}],"author":[{"embeddable":true,"href":"https:\/\/societe-etudes-draguignan.com\/index.php?rest_route=\/wp\/v2\/users\/1"}],"replies":[{"embeddable":true,"href":"https:\/\/societe-etudes-draguignan.com\/index.php?rest_route=%2Fwp%2Fv2%2Fcomments&post=11"}],"version-history":[{"count":0,"href":"https:\/\/societe-etudes-draguignan.com\/index.php?rest_route=\/wp\/v2\/pages\/11\/revisions"}],"wp:attachment":[{"href":"https:\/\/societe-etudes-draguignan.com\/index.php?rest_route=%2Fwp%2Fv2%2Fmedia&parent=11"}],"curies":[{"name":"wp","href":"https:\/\/api.w.org\/{rel}","templated":true}]}}