{"id":25,"date":"2013-07-09T08:15:21","date_gmt":"2013-07-09T07:15:21","guid":{"rendered":"http:\/\/societe-etudes-draguignan.com\/web\/?page_id=25"},"modified":"2020-08-25T16:44:06","modified_gmt":"2020-08-25T15:44:06","slug":"dons","status":"publish","type":"page","link":"https:\/\/societe-etudes-draguignan.com\/?page_id=25","title":{"rendered":"Dons"},"content":{"rendered":"<p>Pour aider la Soci\u00e9t\u00e9 d&rsquo;Etudes Scientifiques et Arch\u00e9ologiques vous pouvez effectuer des dons dont une partie sera d\u00e9duite de vos imp\u00f4ts.<\/p>\n<p><em>Gr\u00e2ce \u00e0 la loi du 1<sup>er<\/sup>\u00a0ao\u00fbt 2003, article 200 : \u00ab\u00a0Ouvrent droit \u00e0 une r\u00e9duction d&rsquo;imp\u00f4t sur le revenu \u00e9gale \u00e0 66 % de leur montant dans la limite de 20 % du revenu imposable, des dons ou des versements effectu\u00e9s par les contribuables au profit d&rsquo;\u0153uvres ou d&rsquo;organismes d&rsquo;int\u00e9r\u00eat g\u00e9n\u00e9ral philanthropiques, \u00e9ducatif, scientifique, social, humanitaire, sportif, familial ou culturel\u00a0\u00bb.<\/em><\/p>\n<p><em>Soit 200 \u20ac vers\u00e9s = 132 \u20ac de cr\u00e9dit d&rsquo;imp\u00f4t<\/em><\/p>\n<p><em>Co\u00fbt r\u00e9el du don : 68 \u20ac<\/em><\/p>\n<p><em>Et en faisant un don de 1000 \u20ac, par exemple :<\/em><\/p>\n<p>\u00b7\u00a0\u00a0\u00a0\u00a0\u00a0\u00a0\u00a0\u00a0<em>vous pouvez d\u00e9duire 750 \u20ac de votre Imp\u00f4t de Solidarit\u00e9 sur la Fortune (75%),<\/em><\/p>\n<p>\u00b7\u00a0\u00a0\u00a0\u00a0\u00a0\u00a0\u00a0\u00a0<em>ou 660 \u20ac de votre Imp\u00f4t sur le Revenu.<\/em><\/p>\n<p><em>En cas de dons, nous vous enverrons dans les meilleurs d\u00e9lais le re\u00e7u fiscal qui vous permettra de d\u00e9duire votre don de votre imp\u00f4t.<\/em><\/p>\n<p><em>Nous vous remercions pour votre g\u00e9n\u00e9rosit\u00e9.<\/em><\/p>\n<p><em>La Pr\u00e9sidente de la Soci\u00e9t\u00e9 d&rsquo;\u00c9tudes<\/em><\/p>\n","protected":false},"excerpt":{"rendered":"<p>Pour aider la Soci\u00e9t\u00e9 d&rsquo;Etudes Scientifiques et Arch\u00e9ologiques vous pouvez effectuer des dons dont une partie sera d\u00e9duite de vos imp\u00f4ts. Gr\u00e2ce \u00e0 la loi du 1er\u00a0ao\u00fbt 2003, article 200 : \u00ab\u00a0Ouvrent droit \u00e0 une r\u00e9duction d&rsquo;imp\u00f4t sur le revenu &hellip; <a href=\"https:\/\/societe-etudes-draguignan.com\/?page_id=25\">Continuer la lecture <span class=\"meta-nav\">&rarr;<\/span><\/a><\/p>\n","protected":false},"author":1,"featured_media":0,"parent":0,"menu_order":7,"comment_status":"closed","ping_status":"closed","template":"","meta":{"footnotes":""},"class_list":["post-25","page","type-page","status-publish","hentry"],"_links":{"self":[{"href":"https:\/\/societe-etudes-draguignan.com\/index.php?rest_route=\/wp\/v2\/pages\/25","targetHints":{"allow":["GET"]}}],"collection":[{"href":"https:\/\/societe-etudes-draguignan.com\/index.php?rest_route=\/wp\/v2\/pages"}],"about":[{"href":"https:\/\/societe-etudes-draguignan.com\/index.php?rest_route=\/wp\/v2\/types\/page"}],"author":[{"embeddable":true,"href":"https:\/\/societe-etudes-draguignan.com\/index.php?rest_route=\/wp\/v2\/users\/1"}],"replies":[{"embeddable":true,"href":"https:\/\/societe-etudes-draguignan.com\/index.php?rest_route=%2Fwp%2Fv2%2Fcomments&post=25"}],"version-history":[{"count":0,"href":"https:\/\/societe-etudes-draguignan.com\/index.php?rest_route=\/wp\/v2\/pages\/25\/revisions"}],"wp:attachment":[{"href":"https:\/\/societe-etudes-draguignan.com\/index.php?rest_route=%2Fwp%2Fv2%2Fmedia&parent=25"}],"curies":[{"name":"wp","href":"https:\/\/api.w.org\/{rel}","templated":true}]}}