{"id":4,"date":"2013-07-09T07:44:11","date_gmt":"2013-07-09T06:44:11","guid":{"rendered":"http:\/\/societe-etudes-draguignan.com\/web\/?page_id=4"},"modified":"2025-08-01T15:43:46","modified_gmt":"2025-08-01T14:43:46","slug":"contacts","status":"publish","type":"page","link":"https:\/\/societe-etudes-draguignan.com\/?page_id=4","title":{"rendered":"Contacts"},"content":{"rendered":"<h3 style=\"text-align: center;\">Si vous d\u00e9sirez nous contacter :<\/h3>\n<p><strong>Soci\u00e9t\u00e9 d\u2019Etudes scientifiques et arch\u00e9ologiques<\/strong><\/p>\n<p>21, All\u00e9e d&rsquo; Az\u00e8mar<\/p>\n<p>DRAGUIGNAN 83300<\/p>\n<p>T\u00e9l\u00e9phone\u00a0: 04 94 68 38 32<\/p>\n<p>Email\u00a0: <a href=\"mailto:societudesdraguignan@wanadoo.fr\">societudesdraguignan@gmail.com<\/a><\/p>\n<p>Site\u00a0: <a href=\"https:\/\/societe-etudes-draguignan.com\">https:\/\/societe-etudes-draguignan.com<\/a><\/p>\n<p>Facebook<\/p>\n<p>Le secr\u00e9tariat est ouvert : le mardi jeudi, vendredi\u00a0 de 9h \u00e0 12h<\/p>\n<p>Le mercredi de 14h30 \u00e0 17h30<\/p>\n<p>Pour les personnes \u00e0 mobilit\u00e9 r\u00e9duite un acc\u00e8s est possible c\u00f4t\u00e9 boulevard de la commanderie (nous contacter).<\/p>\n<p style=\"text-align: center;\"><strong>MAISON DU BOURREAU<\/strong><br \/>83300 DRAGUIGNAN<\/p>\n<p style=\"text-align: center;\" align=\"center\">\u260e : 04 94 84 54 31<\/p>\n<p style=\"text-align: center;\" align=\"center\">Courriel : chapelle.observance@ville-draguignan.fr<\/p>\n<p style=\"text-align: center;\" align=\"center\"><b>Heures d\u2019ouverture<\/b><\/p>\n<p>\u00a0\u00a0\u00a0\u00a0\u00a0\u00a0\u00a0\u00a0\u00a0\u00a0\u00a0\u00a0\u00a0\u00a0\u00a0\u00a0\u00a0\u00a0\u00a0 \u00a0Du mardi au samedi de 19h \u00e0 12h et de 14h \u00e0 18h<\/p>\n<p lang=\"fr-FR\">\u00a0\u00a0\u00a0\u00a0\u00a0\u00a0\u00a0\u00a0\u00a0\u00a0\u00a0\u00a0\u00a0\u00a0\u00a0\u00a0\u00a0\u00a0\u00a0 Visites des scolaires sur rendez-vous<\/p>\n<p lang=\"fr-FR\"><span style=\"color: #0000ff;\">\u00a0\u00a0 Nos partenariats\u00a0 et \u00e9changes avec les certaines associations culturelles\u00a0 et soci\u00e9t\u00e9s savantes vous permettent par les liens ci dessous d&rsquo;acc\u00e9der \u00e0 leur site.<\/span><\/p>\n<p lang=\"fr-FR\"><strong>Soci\u00e9t\u00e9 d&rsquo;arch\u00e9ologie d&rsquo;Eure et Loir :<\/strong><\/p>\n<p lang=\"fr-FR\"><span style=\"color: #ff0000;\">https:\/\/sael28.fr\/<\/span><\/p>\n<p lang=\"fr-FR\"><span style=\"color: #ff0000;\">\u00a0<\/span><strong>Arts et soci\u00e9t\u00e9 Draguignan :<\/strong><\/p>\n<p lang=\"fr-FR\"><span style=\"color: #ff0000;\">\u00a0 https:\/\/sites.google.com\/site\/artsetsocietesdraguignan\/<\/span><\/p>\n<p lang=\"fr-FR\"><strong>Universit\u00e9 pour tous Draguignan :<\/strong><\/p>\n<p><span style=\"color: #ff0000;\">\u00a0 https:\/\/universitepourtous.jimdofree.com\/<\/span><\/p>\n<p><span style=\"color: #ff0000;\">\u00a0<strong><span style=\"color: #000000;\">Dante Aligh\u00e9rie Draguignan<\/span><\/strong><\/span><\/p>\n<p>https:\/\/draguignan.dante.global\/<\/p>\n<p align=\"LEFT\"><span style=\"color: #c9211e;\"><b>Conf\u00e9rences MSJ 18h15.<\/b><\/span><\/p>\n<div style=\"text-align: center;\">\u00a0<\/div>\n<div style=\"text-align: center;\">\n<p><span style=\"text-decoration: underline;\"><span style=\"color: #000000; text-decoration: underline;\">Voici des liens de sites internet sur Draguignan et la Drac\u00e9nie :<\/span><\/span><\/p>\n<table width=\"382\">\n<tbody>\n<tr>\n<td width=\"297\">&#8211; Le site de la mairie<\/td>\n<td width=\"81\">: cliquer\u00a0<a href=\"http:\/\/www.ville-draguignan.fr\/\" target=\"_blank\" rel=\"noopener noreferrer\">ici<\/a><\/td>\n<\/tr>\n<tr>\n<td>&#8211; Le site de l&rsquo;Office du Tourisme<\/td>\n<td>: cliquer\u00a0<a href=\"http:\/\/www.tourisme.fr\/office-de-tourisme\/draguignan.htm\" target=\"_blank\" rel=\"noopener noreferrer\">ici<\/a><\/td>\n<\/tr>\n<tr>\n<td>&#8211; Le site de la Dra\u00e7\u00e9nie<\/td>\n<td>: cliquer\u00a0<a href=\"http:\/\/www.dracenie.com\/search_collectivites&amp;commune=draguignan\" target=\"_blank\" rel=\"noopener noreferrer\">ici<\/a><\/td>\n<\/tr>\n<tr>\n<td>&#8211; Pour les infos touristiques de la ville<\/td>\n<td>: cliquer\u00a0<a href=\"http:\/\/www.cote.azur.fr\/ville_draguignan_1085.htm\" target=\"_blank\" rel=\"noopener noreferrer\">ici<\/a><\/td>\n<\/tr>\n<tr>\n<td>&#8211; Pour des informations sur les villes du Var<br \/>(histoire, monuments, gastronomie, traditions &#8230;)<\/td>\n<td>: cliquer\u00a0<a href=\"http:\/\/www.tourisme83.com\/indexa.htm\" target=\"_blank\" rel=\"noopener noreferrer\">ici<\/a><\/td>\n<\/tr>\n<\/tbody>\n<\/table>\n<\/div>\n\n\n<p><\/p>\n","protected":false},"excerpt":{"rendered":"<p>Si vous d\u00e9sirez nous contacter : Soci\u00e9t\u00e9 d\u2019Etudes scientifiques et arch\u00e9ologiques 21, All\u00e9e d&rsquo; Az\u00e8mar DRAGUIGNAN 83300 T\u00e9l\u00e9phone\u00a0: 04 94 68 38 32 Email\u00a0: societudesdraguignan@gmail.com Site\u00a0: https:\/\/societe-etudes-draguignan.com Facebook Le secr\u00e9tariat est ouvert : le mardi jeudi, vendredi\u00a0 de 9h \u00e0 &hellip; <a href=\"https:\/\/societe-etudes-draguignan.com\/?page_id=4\">Continuer la lecture <span class=\"meta-nav\">&rarr;<\/span><\/a><\/p>\n","protected":false},"author":1,"featured_media":0,"parent":0,"menu_order":8,"comment_status":"closed","ping_status":"closed","template":"","meta":{"footnotes":""},"class_list":["post-4","page","type-page","status-publish","hentry"],"_links":{"self":[{"href":"https:\/\/societe-etudes-draguignan.com\/index.php?rest_route=\/wp\/v2\/pages\/4","targetHints":{"allow":["GET"]}}],"collection":[{"href":"https:\/\/societe-etudes-draguignan.com\/index.php?rest_route=\/wp\/v2\/pages"}],"about":[{"href":"https:\/\/societe-etudes-draguignan.com\/index.php?rest_route=\/wp\/v2\/types\/page"}],"author":[{"embeddable":true,"href":"https:\/\/societe-etudes-draguignan.com\/index.php?rest_route=\/wp\/v2\/users\/1"}],"replies":[{"embeddable":true,"href":"https:\/\/societe-etudes-draguignan.com\/index.php?rest_route=%2Fwp%2Fv2%2Fcomments&post=4"}],"version-history":[{"count":7,"href":"https:\/\/societe-etudes-draguignan.com\/index.php?rest_route=\/wp\/v2\/pages\/4\/revisions"}],"predecessor-version":[{"id":1178,"href":"https:\/\/societe-etudes-draguignan.com\/index.php?rest_route=\/wp\/v2\/pages\/4\/revisions\/1178"}],"wp:attachment":[{"href":"https:\/\/societe-etudes-draguignan.com\/index.php?rest_route=%2Fwp%2Fv2%2Fmedia&parent=4"}],"curies":[{"name":"wp","href":"https:\/\/api.w.org\/{rel}","templated":true}]}}